{"id":847,"date":"2024-04-02T13:48:40","date_gmt":"2024-04-02T10:48:40","guid":{"rendered":"https:\/\/gunesturizm.net\/anasayfa\/"},"modified":"2025-01-15T10:58:32","modified_gmt":"2025-01-15T07:58:32","slug":"anasayfa","status":"publish","type":"page","link":"https:\/\/gunesturizm.net\/en\/","title":{"rendered":"Home"},"content":{"rendered":"\t\t<div data-elementor-type=\"wp-page\" data-elementor-id=\"847\" class=\"elementor elementor-847\" data-elementor-settings=\"{&quot;element_pack_global_tooltip_width&quot;:{&quot;unit&quot;:&quot;px&quot;,&quot;size&quot;:&quot;&quot;,&quot;sizes&quot;:[]},&quot;element_pack_global_tooltip_width_tablet&quot;:{&quot;unit&quot;:&quot;px&quot;,&quot;size&quot;:&quot;&quot;,&quot;sizes&quot;:[]},&quot;element_pack_global_tooltip_width_mobile&quot;:{&quot;unit&quot;:&quot;px&quot;,&quot;size&quot;:&quot;&quot;,&quot;sizes&quot;:[]},&quot;element_pack_global_tooltip_padding&quot;:{&quot;unit&quot;:&quot;px&quot;,&quot;top&quot;:&quot;&quot;,&quot;right&quot;:&quot;&quot;,&quot;bottom&quot;:&quot;&quot;,&quot;left&quot;:&quot;&quot;,&quot;isLinked&quot;:true},&quot;element_pack_global_tooltip_padding_tablet&quot;:{&quot;unit&quot;:&quot;px&quot;,&quot;top&quot;:&quot;&quot;,&quot;right&quot;:&quot;&quot;,&quot;bottom&quot;:&quot;&quot;,&quot;left&quot;:&quot;&quot;,&quot;isLinked&quot;:true},&quot;element_pack_global_tooltip_padding_mobile&quot;:{&quot;unit&quot;:&quot;px&quot;,&quot;top&quot;:&quot;&quot;,&quot;right&quot;:&quot;&quot;,&quot;bottom&quot;:&quot;&quot;,&quot;left&quot;:&quot;&quot;,&quot;isLinked&quot;:true},&quot;element_pack_global_tooltip_border_radius&quot;:{&quot;unit&quot;:&quot;px&quot;,&quot;top&quot;:&quot;&quot;,&quot;right&quot;:&quot;&quot;,&quot;bottom&quot;:&quot;&quot;,&quot;left&quot;:&quot;&quot;,&quot;isLinked&quot;:true},&quot;element_pack_global_tooltip_border_radius_tablet&quot;:{&quot;unit&quot;:&quot;px&quot;,&quot;top&quot;:&quot;&quot;,&quot;right&quot;:&quot;&quot;,&quot;bottom&quot;:&quot;&quot;,&quot;left&quot;:&quot;&quot;,&quot;isLinked&quot;:true},&quot;element_pack_global_tooltip_border_radius_mobile&quot;:{&quot;unit&quot;:&quot;px&quot;,&quot;top&quot;:&quot;&quot;,&quot;right&quot;:&quot;&quot;,&quot;bottom&quot;:&quot;&quot;,&quot;left&quot;:&quot;&quot;,&quot;isLinked&quot;:true}}\" data-elementor-post-type=\"page\">\n\t\t\t\t<div class=\"elementor-element elementor-element-4b6a6a5 e-flex e-con-boxed e-con e-parent\" data-id=\"4b6a6a5\" data-element_type=\"container\" data-settings=\"{&quot;background_background&quot;:&quot;classic&quot;}\">\n\t\t\t\t\t<div class=\"e-con-inner\">\n\t\t\t\t<div class=\"elementor-element elementor-element-7f1d3f4 elementor-widget elementor-widget-slider_revolution\" data-id=\"7f1d3f4\" data-element_type=\"widget\" data-widget_type=\"slider_revolution.default\">\n\t\t\t\t<div class=\"elementor-widget-container\">\n\t\t\t\t\t\n\t\t<div class=\"wp-block-themepunch-revslider\">\n\t\t\t<!-- START Slider 1 1 REVOLUTION SLIDER 6.6.18 --><p class=\"rs-p-wp-fix\"><\/p>\n\t\t\t<rs-module-wrap id=\"rev_slider_2_1_wrapper\" data-source=\"gallery\" style=\"visibility:hidden;background:transparent;padding:0;margin:0px auto;margin-top:0;margin-bottom:0;\">\n\t\t\t\t<rs-module id=\"rev_slider_2_1\" style=\"\" data-version=\"6.6.18\">\n\t\t\t\t\t<rs-slides style=\"overflow: hidden; position: absolute;\">\n\t\t\t\t\t\t<rs-slide style=\"position: absolute;\" data-key=\"rs-2\" data-title=\"Slide\" data-in=\"o:0;\" data-out=\"a:false;\">\n\t\t\t\t\t\t\t<img fetchpriority=\"high\" decoding=\"async\" src=\"\/\/gunesturizm.net\/wp-content\/plugins\/revslider\/public\/assets\/assets\/dummy.png\" alt=\"\" title=\"11\" width=\"1920\" height=\"700\" class=\"rev-slidebg tp-rs-img rs-lazyload\" data-lazyload=\"\/\/gunesturizm.net\/wp-content\/uploads\/2024\/04\/11.jpg\" data-no-retina>\n<!--\n\t\t\t\t\t\t\t--><rs-layer\n\t\t\t\t\t\t\t\tid=\"slider-2-slide-2-layer-0\" \n\t\t\t\t\t\t\t\tdata-type=\"image\"\n\t\t\t\t\t\t\t\tdata-rsp_ch=\"on\"\n\t\t\t\t\t\t\t\tdata-xy=\"x:290px;y:621px;\"\n\t\t\t\t\t\t\t\tdata-text=\"w:normal;\"\n\t\t\t\t\t\t\t\tdata-dim=\"w:272px;h:32px;\"\n\t\t\t\t\t\t\t\tdata-frame_999=\"o:0;st:w;\"\n\t\t\t\t\t\t\t\tstyle=\"z-index:5;\"\n\t\t\t\t\t\t\t><img decoding=\"async\" src=\"\/\/gunesturizm.net\/wp-content\/plugins\/revslider\/public\/assets\/assets\/dummy.png\" alt=\"\" class=\"tp-rs-img rs-lazyload\" width=\"272\" height=\"32\" data-lazyload=\"\/\/gunesturizm.net\/wp-content\/uploads\/2026\/01\/46eng1.png\" data-no-retina> \n\t\t\t\t\t\t\t<\/rs-layer><!--\n\n\t\t\t\t\t\t\t--><a\n\t\t\t\t\t\t\t\tid=\"slider-2-slide-2-layer-1\" \n\t\t\t\t\t\t\t\tclass=\"rs-layer\"\n\t\t\t\t\t\t\t\thref=\"https:\/\/cocukluturlar.com\/\" target=\"_self\"\n\t\t\t\t\t\t\t\tdata-type=\"image\"\n\t\t\t\t\t\t\t\tdata-rsp_ch=\"on\"\n\t\t\t\t\t\t\t\tdata-xy=\"x:r;xo:129px;y:555px;\"\n\t\t\t\t\t\t\t\tdata-text=\"w:normal;\"\n\t\t\t\t\t\t\t\tdata-dim=\"w:200px;h:117px;\"\n\t\t\t\t\t\t\t\tdata-frame_999=\"o:0;st:w;\"\n\t\t\t\t\t\t\t\tstyle=\"z-index:6;\"\n\t\t\t\t\t\t\t><img decoding=\"async\" src=\"\/\/gunesturizm.net\/wp-content\/plugins\/revslider\/public\/assets\/assets\/dummy.png\" alt=\"\" class=\"tp-rs-img rs-lazyload\" width=\"456\" height=\"267\" data-lazyload=\"\/\/gunesturizm.net\/wp-content\/uploads\/2024\/04\/cocuk.png\" data-no-retina> \n\t\t\t\t\t\t\t<\/a><!--\n-->\t\t\t\t\t\t<\/rs-slide>\n\t\t\t\t\t<\/rs-slides>\n\t\t\t\t<\/rs-module>\n\t\t\t\t<script>\n\t\t\t\t\tsetREVStartSize({c: 'rev_slider_2_1',rl:[1240,1024,778,480],el:[700],gw:[1920],gh:[700],type:'standard',justify:'',layout:'fullwidth',mh:\"0\"});if (window.RS_MODULES!==undefined && window.RS_MODULES.modules!==undefined && window.RS_MODULES.modules[\"revslider21\"]!==undefined) {window.RS_MODULES.modules[\"revslider21\"].once = false;window.revapi2 = undefined;if (window.RS_MODULES.checkMinimal!==undefined) window.RS_MODULES.checkMinimal()}\n\t\t\t\t<\/script>\n\t\t\t<\/rs-module-wrap>\n\t\t\t<!-- END REVOLUTION SLIDER -->\n<\/div>\n\n\t\t\t\t\t\t<\/div>\n\t\t\t\t<\/div>\n\t\t\t\t\t<\/div>\n\t\t\t\t<\/div>\n\t\t\t\t<\/div>\n\t\t","protected":false},"excerpt":{"rendered":"","protected":false},"author":1,"featured_media":2564,"parent":0,"menu_order":0,"comment_status":"closed","ping_status":"closed","template":"","meta":{"footnotes":""},"class_list":["post-847","page","type-page","status-publish","has-post-thumbnail","hentry"],"yoast_head":"<!-- This site is optimized with the Yoast SEO plugin v25.5 - https:\/\/yoast.com\/wordpress\/plugins\/seo\/ -->\n<title>G\u00fcne\u015f Turizm - Explore the World with Professional Guides<\/title>\n<meta name=\"description\" content=\"Discover the world with G\u00fcne\u015f Turizm\u2019s professional guides. Our enjoyable tours are at the heart of a well-planned travel experience.\" \/>\n<meta name=\"robots\" content=\"index, follow, max-snippet:-1, max-image-preview:large, max-video-preview:-1\" \/>\n<link rel=\"canonical\" href=\"https:\/\/gunesturizm.net\/en\/\" \/>\n<meta property=\"og:locale\" content=\"en_US\" \/>\n<meta property=\"og:type\" content=\"article\" \/>\n<meta property=\"og:title\" content=\"G\u00fcne\u015f Turizm - Explore the World with Professional Guides\" \/>\n<meta property=\"og:description\" content=\"Discover the world with G\u00fcne\u015f Turizm\u2019s professional guides. Our enjoyable tours are at the heart of a well-planned travel experience.\" \/>\n<meta property=\"og:url\" content=\"https:\/\/gunesturizm.net\/en\/\" \/>\n<meta property=\"og:site_name\" content=\"Gunes Turizm\" \/>\n<meta property=\"article:modified_time\" content=\"2025-01-15T07:58:32+00:00\" \/>\n<meta property=\"og:image\" content=\"https:\/\/gunesturizm.net\/wp-content\/uploads\/2025\/01\/gunes-turizm.jpg\" \/>\n\t<meta property=\"og:image:width\" content=\"700\" \/>\n\t<meta property=\"og:image:height\" content=\"700\" \/>\n\t<meta property=\"og:image:type\" content=\"image\/jpeg\" \/>\n<meta name=\"twitter:card\" content=\"summary_large_image\" \/>\n<meta name=\"twitter:label1\" content=\"Est. reading time\" \/>\n\t<meta name=\"twitter:data1\" content=\"1 minute\" \/>\n<script type=\"application\/ld+json\" class=\"yoast-schema-graph\">{\"@context\":\"https:\/\/schema.org\",\"@graph\":[{\"@type\":\"WebPage\",\"@id\":\"https:\/\/gunesturizm.net\/en\/\",\"url\":\"https:\/\/gunesturizm.net\/en\/\",\"name\":\"G\u00fcne\u015f Turizm - Explore the World with Professional Guides\",\"isPartOf\":{\"@id\":\"https:\/\/gunesturizm.net\/#website\"},\"primaryImageOfPage\":{\"@id\":\"https:\/\/gunesturizm.net\/en\/#primaryimage\"},\"image\":{\"@id\":\"https:\/\/gunesturizm.net\/en\/#primaryimage\"},\"thumbnailUrl\":\"https:\/\/gunesturizm.net\/wp-content\/uploads\/2025\/01\/gunes-turizm.jpg\",\"datePublished\":\"2024-04-02T10:48:40+00:00\",\"dateModified\":\"2025-01-15T07:58:32+00:00\",\"description\":\"Discover the world with G\u00fcne\u015f Turizm\u2019s professional guides. Our enjoyable tours are at the heart of a well-planned travel experience.\",\"breadcrumb\":{\"@id\":\"https:\/\/gunesturizm.net\/en\/#breadcrumb\"},\"inLanguage\":\"en-US\",\"potentialAction\":[{\"@type\":\"ReadAction\",\"target\":[\"https:\/\/gunesturizm.net\/en\/\"]}]},{\"@type\":\"ImageObject\",\"inLanguage\":\"en-US\",\"@id\":\"https:\/\/gunesturizm.net\/en\/#primaryimage\",\"url\":\"https:\/\/gunesturizm.net\/wp-content\/uploads\/2025\/01\/gunes-turizm.jpg\",\"contentUrl\":\"https:\/\/gunesturizm.net\/wp-content\/uploads\/2025\/01\/gunes-turizm.jpg\",\"width\":700,\"height\":700},{\"@type\":\"BreadcrumbList\",\"@id\":\"https:\/\/gunesturizm.net\/en\/#breadcrumb\",\"itemListElement\":[{\"@type\":\"ListItem\",\"position\":1,\"name\":\"Anasayfa\",\"item\":\"https:\/\/gunesturizm.net\/en\/\"},{\"@type\":\"ListItem\",\"position\":2,\"name\":\"Home\"}]},{\"@type\":\"WebSite\",\"@id\":\"https:\/\/gunesturizm.net\/#website\",\"url\":\"https:\/\/gunesturizm.net\/\",\"name\":\"Gunes Turizm\",\"description\":\"\",\"potentialAction\":[{\"@type\":\"SearchAction\",\"target\":{\"@type\":\"EntryPoint\",\"urlTemplate\":\"https:\/\/gunesturizm.net\/?s={search_term_string}\"},\"query-input\":{\"@type\":\"PropertyValueSpecification\",\"valueRequired\":true,\"valueName\":\"search_term_string\"}}],\"inLanguage\":\"en-US\"}]}<\/script>\n<!-- \/ Yoast SEO plugin. -->","yoast_head_json":{"title":"G\u00fcne\u015f Turizm - Explore the World with Professional Guides","description":"Discover the world with G\u00fcne\u015f Turizm\u2019s professional guides. Our enjoyable tours are at the heart of a well-planned travel experience.","robots":{"index":"index","follow":"follow","max-snippet":"max-snippet:-1","max-image-preview":"max-image-preview:large","max-video-preview":"max-video-preview:-1"},"canonical":"https:\/\/gunesturizm.net\/en\/","og_locale":"en_US","og_type":"article","og_title":"G\u00fcne\u015f Turizm - Explore the World with Professional Guides","og_description":"Discover the world with G\u00fcne\u015f Turizm\u2019s professional guides. Our enjoyable tours are at the heart of a well-planned travel experience.","og_url":"https:\/\/gunesturizm.net\/en\/","og_site_name":"Gunes Turizm","article_modified_time":"2025-01-15T07:58:32+00:00","og_image":[{"width":700,"height":700,"url":"https:\/\/gunesturizm.net\/wp-content\/uploads\/2025\/01\/gunes-turizm.jpg","type":"image\/jpeg"}],"twitter_card":"summary_large_image","twitter_misc":{"Est. reading time":"1 minute"},"schema":{"@context":"https:\/\/schema.org","@graph":[{"@type":"WebPage","@id":"https:\/\/gunesturizm.net\/en\/","url":"https:\/\/gunesturizm.net\/en\/","name":"G\u00fcne\u015f Turizm - Explore the World with Professional Guides","isPartOf":{"@id":"https:\/\/gunesturizm.net\/#website"},"primaryImageOfPage":{"@id":"https:\/\/gunesturizm.net\/en\/#primaryimage"},"image":{"@id":"https:\/\/gunesturizm.net\/en\/#primaryimage"},"thumbnailUrl":"https:\/\/gunesturizm.net\/wp-content\/uploads\/2025\/01\/gunes-turizm.jpg","datePublished":"2024-04-02T10:48:40+00:00","dateModified":"2025-01-15T07:58:32+00:00","description":"Discover the world with G\u00fcne\u015f Turizm\u2019s professional guides. Our enjoyable tours are at the heart of a well-planned travel experience.","breadcrumb":{"@id":"https:\/\/gunesturizm.net\/en\/#breadcrumb"},"inLanguage":"en-US","potentialAction":[{"@type":"ReadAction","target":["https:\/\/gunesturizm.net\/en\/"]}]},{"@type":"ImageObject","inLanguage":"en-US","@id":"https:\/\/gunesturizm.net\/en\/#primaryimage","url":"https:\/\/gunesturizm.net\/wp-content\/uploads\/2025\/01\/gunes-turizm.jpg","contentUrl":"https:\/\/gunesturizm.net\/wp-content\/uploads\/2025\/01\/gunes-turizm.jpg","width":700,"height":700},{"@type":"BreadcrumbList","@id":"https:\/\/gunesturizm.net\/en\/#breadcrumb","itemListElement":[{"@type":"ListItem","position":1,"name":"Anasayfa","item":"https:\/\/gunesturizm.net\/en\/"},{"@type":"ListItem","position":2,"name":"Home"}]},{"@type":"WebSite","@id":"https:\/\/gunesturizm.net\/#website","url":"https:\/\/gunesturizm.net\/","name":"Gunes Turizm","description":"","potentialAction":[{"@type":"SearchAction","target":{"@type":"EntryPoint","urlTemplate":"https:\/\/gunesturizm.net\/?s={search_term_string}"},"query-input":{"@type":"PropertyValueSpecification","valueRequired":true,"valueName":"search_term_string"}}],"inLanguage":"en-US"}]}},"_links":{"self":[{"href":"https:\/\/gunesturizm.net\/en\/wp-json\/wp\/v2\/pages\/847","targetHints":{"allow":["GET"]}}],"collection":[{"href":"https:\/\/gunesturizm.net\/en\/wp-json\/wp\/v2\/pages"}],"about":[{"href":"https:\/\/gunesturizm.net\/en\/wp-json\/wp\/v2\/types\/page"}],"author":[{"embeddable":true,"href":"https:\/\/gunesturizm.net\/en\/wp-json\/wp\/v2\/users\/1"}],"replies":[{"embeddable":true,"href":"https:\/\/gunesturizm.net\/en\/wp-json\/wp\/v2\/comments?post=847"}],"version-history":[{"count":22,"href":"https:\/\/gunesturizm.net\/en\/wp-json\/wp\/v2\/pages\/847\/revisions"}],"predecessor-version":[{"id":1498,"href":"https:\/\/gunesturizm.net\/en\/wp-json\/wp\/v2\/pages\/847\/revisions\/1498"}],"wp:featuredmedia":[{"embeddable":true,"href":"https:\/\/gunesturizm.net\/en\/wp-json\/wp\/v2\/media\/2564"}],"wp:attachment":[{"href":"https:\/\/gunesturizm.net\/en\/wp-json\/wp\/v2\/media?parent=847"}],"curies":[{"name":"wp","href":"https:\/\/api.w.org\/{rel}","templated":true}]}}