{"id":1230,"date":"2024-04-03T13:06:06","date_gmt":"2024-04-03T10:06:06","guid":{"rendered":"https:\/\/gunesturizm.net\/servislerimiz\/"},"modified":"2024-04-17T13:59:32","modified_gmt":"2024-04-17T10:59:32","slug":"our-services","status":"publish","type":"page","link":"https:\/\/gunesturizm.net\/en\/our-services\/","title":{"rendered":"Our Services"},"content":{"rendered":"\t\t<div data-elementor-type=\"wp-page\" data-elementor-id=\"1230\" class=\"elementor elementor-1230\" data-elementor-settings=\"{&quot;element_pack_global_tooltip_width&quot;:{&quot;unit&quot;:&quot;px&quot;,&quot;size&quot;:&quot;&quot;,&quot;sizes&quot;:[]},&quot;element_pack_global_tooltip_width_tablet&quot;:{&quot;unit&quot;:&quot;px&quot;,&quot;size&quot;:&quot;&quot;,&quot;sizes&quot;:[]},&quot;element_pack_global_tooltip_width_mobile&quot;:{&quot;unit&quot;:&quot;px&quot;,&quot;size&quot;:&quot;&quot;,&quot;sizes&quot;:[]},&quot;element_pack_global_tooltip_padding&quot;:{&quot;unit&quot;:&quot;px&quot;,&quot;top&quot;:&quot;&quot;,&quot;right&quot;:&quot;&quot;,&quot;bottom&quot;:&quot;&quot;,&quot;left&quot;:&quot;&quot;,&quot;isLinked&quot;:true},&quot;element_pack_global_tooltip_padding_tablet&quot;:{&quot;unit&quot;:&quot;px&quot;,&quot;top&quot;:&quot;&quot;,&quot;right&quot;:&quot;&quot;,&quot;bottom&quot;:&quot;&quot;,&quot;left&quot;:&quot;&quot;,&quot;isLinked&quot;:true},&quot;element_pack_global_tooltip_padding_mobile&quot;:{&quot;unit&quot;:&quot;px&quot;,&quot;top&quot;:&quot;&quot;,&quot;right&quot;:&quot;&quot;,&quot;bottom&quot;:&quot;&quot;,&quot;left&quot;:&quot;&quot;,&quot;isLinked&quot;:true},&quot;element_pack_global_tooltip_border_radius&quot;:{&quot;unit&quot;:&quot;px&quot;,&quot;top&quot;:&quot;&quot;,&quot;right&quot;:&quot;&quot;,&quot;bottom&quot;:&quot;&quot;,&quot;left&quot;:&quot;&quot;,&quot;isLinked&quot;:true},&quot;element_pack_global_tooltip_border_radius_tablet&quot;:{&quot;unit&quot;:&quot;px&quot;,&quot;top&quot;:&quot;&quot;,&quot;right&quot;:&quot;&quot;,&quot;bottom&quot;:&quot;&quot;,&quot;left&quot;:&quot;&quot;,&quot;isLinked&quot;:true},&quot;element_pack_global_tooltip_border_radius_mobile&quot;:{&quot;unit&quot;:&quot;px&quot;,&quot;top&quot;:&quot;&quot;,&quot;right&quot;:&quot;&quot;,&quot;bottom&quot;:&quot;&quot;,&quot;left&quot;:&quot;&quot;,&quot;isLinked&quot;:true}}\" data-elementor-post-type=\"page\">\n\t\t\t\t<div class=\"elementor-element elementor-element-03bf7f3 e-flex e-con-boxed e-con e-parent\" data-id=\"03bf7f3\" data-element_type=\"container\">\n\t\t\t\t\t<div class=\"e-con-inner\">\n\t\t\t\t<div class=\"elementor-element elementor-element-91e5a49 elementor-widget elementor-widget-spacer\" data-id=\"91e5a49\" data-element_type=\"widget\" data-widget_type=\"spacer.default\">\n\t\t\t\t<div class=\"elementor-widget-container\">\n\t\t\t\t\t\t\t<div class=\"elementor-spacer\">\n\t\t\t<div class=\"elementor-spacer-inner\"><\/div>\n\t\t<\/div>\n\t\t\t\t\t\t<\/div>\n\t\t\t\t<\/div>\n\t\t\t\t\t<\/div>\n\t\t\t\t<\/div>\n\t\t<div class=\"elementor-element elementor-element-4770a2f e-flex e-con-boxed e-con e-parent\" data-id=\"4770a2f\" data-element_type=\"container\">\n\t\t\t\t\t<div class=\"e-con-inner\">\n\t\t<div class=\"elementor-element elementor-element-0bc5bab e-con-full e-flex e-con e-child\" data-id=\"0bc5bab\" data-element_type=\"container\">\n\t\t\t\t<div class=\"elementor-element elementor-element-b491d2e elementor-widget elementor-widget-image\" data-id=\"b491d2e\" data-element_type=\"widget\" data-widget_type=\"image.default\">\n\t\t\t\t<div class=\"elementor-widget-container\">\n\t\t\t\t\t\t\t\t\t\t\t\t\t\t\t<img fetchpriority=\"high\" decoding=\"async\" width=\"1000\" height=\"750\" src=\"https:\/\/gunesturizm.net\/wp-content\/uploads\/2024\/04\/IMG_5878-1024x768.jpeg\" class=\"attachment-large size-large wp-image-397\" alt=\"\" srcset=\"https:\/\/gunesturizm.net\/wp-content\/uploads\/2024\/04\/IMG_5878-1024x768.jpeg 1024w, https:\/\/gunesturizm.net\/wp-content\/uploads\/2024\/04\/IMG_5878-300x225.jpeg 300w, https:\/\/gunesturizm.net\/wp-content\/uploads\/2024\/04\/IMG_5878-768x576.jpeg 768w, https:\/\/gunesturizm.net\/wp-content\/uploads\/2024\/04\/IMG_5878-650x488.jpeg 650w, https:\/\/gunesturizm.net\/wp-content\/uploads\/2024\/04\/IMG_5878.jpeg 1280w\" sizes=\"(max-width: 1000px) 100vw, 1000px\" \/>\t\t\t\t\t\t\t\t\t\t\t\t\t\t\t<\/div>\n\t\t\t\t<\/div>\n\t\t\t\t<div class=\"elementor-element elementor-element-4d50870 elementor-widget elementor-widget-spacer\" data-id=\"4d50870\" data-element_type=\"widget\" data-widget_type=\"spacer.default\">\n\t\t\t\t<div class=\"elementor-widget-container\">\n\t\t\t\t\t\t\t<div class=\"elementor-spacer\">\n\t\t\t<div class=\"elementor-spacer-inner\"><\/div>\n\t\t<\/div>\n\t\t\t\t\t\t<\/div>\n\t\t\t\t<\/div>\n\t\t\t\t<\/div>\n\t\t<div class=\"elementor-element elementor-element-b34350d e-con-full e-flex e-con e-child\" data-id=\"b34350d\" data-element_type=\"container\">\n\t\t\t\t<div class=\"elementor-element elementor-element-7e0706e elementor-widget elementor-widget-text-editor\" data-id=\"7e0706e\" data-element_type=\"widget\" data-widget_type=\"text-editor.default\">\n\t\t\t\t<div class=\"elementor-widget-container\">\n\t\t\t\t\t\t\t\t\t<ul><li>Tour operations for groups and individuals<\/li><li>Tailor made tour packages<\/li><li>Guides-Escorts-Transfers<\/li><li>Flight tickets<\/li><li>Hotel Bookings<\/li><li>Cruise Bookings<\/li><li>Vehicle Rental Services<\/li><\/ul>\t\t\t\t\t\t\t\t<\/div>\n\t\t\t\t<\/div>\n\t\t\t\t<div class=\"elementor-element elementor-element-c8e7c35 elementor-widget elementor-widget-spacer\" data-id=\"c8e7c35\" data-element_type=\"widget\" data-widget_type=\"spacer.default\">\n\t\t\t\t<div class=\"elementor-widget-container\">\n\t\t\t\t\t\t\t<div class=\"elementor-spacer\">\n\t\t\t<div class=\"elementor-spacer-inner\"><\/div>\n\t\t<\/div>\n\t\t\t\t\t\t<\/div>\n\t\t\t\t<\/div>\n\t\t\t\t<\/div>\n\t\t\t\t\t<\/div>\n\t\t\t\t<\/div>\n\t\t\t\t<\/div>\n\t\t","protected":false},"excerpt":{"rendered":"<p>Tour operations for groups and individuals Tailor made tour packages Guides-Escorts-Transfers Flight tickets Hotel Bookings Cruise Bookings Vehicle Rental Services<\/p>\n","protected":false},"author":1,"featured_media":2564,"parent":0,"menu_order":0,"comment_status":"closed","ping_status":"closed","template":"","meta":{"footnotes":""},"class_list":["post-1230","page","type-page","status-publish","has-post-thumbnail","hentry"],"yoast_head":"<!-- This site is optimized with the Yoast SEO plugin v25.5 - https:\/\/yoast.com\/wordpress\/plugins\/seo\/ -->\n<title>G\u00fcne\u015f Turizm - Our Services<\/title>\n<meta name=\"description\" content=\"Discover G\u00fcne\u015f Turizm\u2019s comprehensive services, including group and individual tour operations, tailor-made packages, professional guides\" \/>\n<meta name=\"robots\" content=\"index, follow, max-snippet:-1, max-image-preview:large, max-video-preview:-1\" \/>\n<link rel=\"canonical\" href=\"https:\/\/gunesturizm.net\/en\/our-services\/\" \/>\n<meta property=\"og:locale\" content=\"en_US\" \/>\n<meta property=\"og:type\" content=\"article\" \/>\n<meta property=\"og:title\" content=\"G\u00fcne\u015f Turizm - Our Services\" \/>\n<meta property=\"og:description\" content=\"Discover G\u00fcne\u015f Turizm\u2019s comprehensive services, including group and individual tour operations, tailor-made packages, professional guides\" \/>\n<meta property=\"og:url\" content=\"https:\/\/gunesturizm.net\/en\/our-services\/\" \/>\n<meta property=\"og:site_name\" content=\"Gunes Turizm\" \/>\n<meta property=\"article:modified_time\" content=\"2024-04-17T10:59:32+00:00\" \/>\n<meta property=\"og:image\" content=\"https:\/\/gunesturizm.net\/wp-content\/uploads\/2024\/04\/IMG_5878-1024x768.jpeg\" \/>\n<meta name=\"twitter:card\" content=\"summary_large_image\" \/>\n<meta name=\"twitter:label1\" content=\"Est. reading time\" \/>\n\t<meta name=\"twitter:data1\" content=\"1 minute\" \/>\n<script type=\"application\/ld+json\" class=\"yoast-schema-graph\">{\"@context\":\"https:\/\/schema.org\",\"@graph\":[{\"@type\":\"WebPage\",\"@id\":\"https:\/\/gunesturizm.net\/en\/our-services\/\",\"url\":\"https:\/\/gunesturizm.net\/en\/our-services\/\",\"name\":\"G\u00fcne\u015f Turizm - Our Services\",\"isPartOf\":{\"@id\":\"https:\/\/gunesturizm.net\/#website\"},\"primaryImageOfPage\":{\"@id\":\"https:\/\/gunesturizm.net\/en\/our-services\/#primaryimage\"},\"image\":{\"@id\":\"https:\/\/gunesturizm.net\/en\/our-services\/#primaryimage\"},\"thumbnailUrl\":\"https:\/\/gunesturizm.net\/wp-content\/uploads\/2025\/01\/gunes-turizm.jpg\",\"datePublished\":\"2024-04-03T10:06:06+00:00\",\"dateModified\":\"2024-04-17T10:59:32+00:00\",\"description\":\"Discover G\u00fcne\u015f Turizm\u2019s comprehensive services, including group and individual tour operations, tailor-made packages, professional guides\",\"breadcrumb\":{\"@id\":\"https:\/\/gunesturizm.net\/en\/our-services\/#breadcrumb\"},\"inLanguage\":\"en-US\",\"potentialAction\":[{\"@type\":\"ReadAction\",\"target\":[\"https:\/\/gunesturizm.net\/en\/our-services\/\"]}]},{\"@type\":\"ImageObject\",\"inLanguage\":\"en-US\",\"@id\":\"https:\/\/gunesturizm.net\/en\/our-services\/#primaryimage\",\"url\":\"https:\/\/gunesturizm.net\/wp-content\/uploads\/2025\/01\/gunes-turizm.jpg\",\"contentUrl\":\"https:\/\/gunesturizm.net\/wp-content\/uploads\/2025\/01\/gunes-turizm.jpg\",\"width\":700,\"height\":700},{\"@type\":\"BreadcrumbList\",\"@id\":\"https:\/\/gunesturizm.net\/en\/our-services\/#breadcrumb\",\"itemListElement\":[{\"@type\":\"ListItem\",\"position\":1,\"name\":\"Anasayfa\",\"item\":\"https:\/\/gunesturizm.net\/en\/\"},{\"@type\":\"ListItem\",\"position\":2,\"name\":\"Our Services\"}]},{\"@type\":\"WebSite\",\"@id\":\"https:\/\/gunesturizm.net\/#website\",\"url\":\"https:\/\/gunesturizm.net\/\",\"name\":\"Gunes Turizm\",\"description\":\"\",\"potentialAction\":[{\"@type\":\"SearchAction\",\"target\":{\"@type\":\"EntryPoint\",\"urlTemplate\":\"https:\/\/gunesturizm.net\/?s={search_term_string}\"},\"query-input\":{\"@type\":\"PropertyValueSpecification\",\"valueRequired\":true,\"valueName\":\"search_term_string\"}}],\"inLanguage\":\"en-US\"}]}<\/script>\n<!-- \/ Yoast SEO plugin. -->","yoast_head_json":{"title":"G\u00fcne\u015f Turizm - Our Services","description":"Discover G\u00fcne\u015f Turizm\u2019s comprehensive services, including group and individual tour operations, tailor-made packages, professional guides","robots":{"index":"index","follow":"follow","max-snippet":"max-snippet:-1","max-image-preview":"max-image-preview:large","max-video-preview":"max-video-preview:-1"},"canonical":"https:\/\/gunesturizm.net\/en\/our-services\/","og_locale":"en_US","og_type":"article","og_title":"G\u00fcne\u015f Turizm - Our Services","og_description":"Discover G\u00fcne\u015f Turizm\u2019s comprehensive services, including group and individual tour operations, tailor-made packages, professional guides","og_url":"https:\/\/gunesturizm.net\/en\/our-services\/","og_site_name":"Gunes Turizm","article_modified_time":"2024-04-17T10:59:32+00:00","og_image":[{"url":"https:\/\/gunesturizm.net\/wp-content\/uploads\/2024\/04\/IMG_5878-1024x768.jpeg","type":"","width":"","height":""}],"twitter_card":"summary_large_image","twitter_misc":{"Est. reading time":"1 minute"},"schema":{"@context":"https:\/\/schema.org","@graph":[{"@type":"WebPage","@id":"https:\/\/gunesturizm.net\/en\/our-services\/","url":"https:\/\/gunesturizm.net\/en\/our-services\/","name":"G\u00fcne\u015f Turizm - Our Services","isPartOf":{"@id":"https:\/\/gunesturizm.net\/#website"},"primaryImageOfPage":{"@id":"https:\/\/gunesturizm.net\/en\/our-services\/#primaryimage"},"image":{"@id":"https:\/\/gunesturizm.net\/en\/our-services\/#primaryimage"},"thumbnailUrl":"https:\/\/gunesturizm.net\/wp-content\/uploads\/2025\/01\/gunes-turizm.jpg","datePublished":"2024-04-03T10:06:06+00:00","dateModified":"2024-04-17T10:59:32+00:00","description":"Discover G\u00fcne\u015f Turizm\u2019s comprehensive services, including group and individual tour operations, tailor-made packages, professional guides","breadcrumb":{"@id":"https:\/\/gunesturizm.net\/en\/our-services\/#breadcrumb"},"inLanguage":"en-US","potentialAction":[{"@type":"ReadAction","target":["https:\/\/gunesturizm.net\/en\/our-services\/"]}]},{"@type":"ImageObject","inLanguage":"en-US","@id":"https:\/\/gunesturizm.net\/en\/our-services\/#primaryimage","url":"https:\/\/gunesturizm.net\/wp-content\/uploads\/2025\/01\/gunes-turizm.jpg","contentUrl":"https:\/\/gunesturizm.net\/wp-content\/uploads\/2025\/01\/gunes-turizm.jpg","width":700,"height":700},{"@type":"BreadcrumbList","@id":"https:\/\/gunesturizm.net\/en\/our-services\/#breadcrumb","itemListElement":[{"@type":"ListItem","position":1,"name":"Anasayfa","item":"https:\/\/gunesturizm.net\/en\/"},{"@type":"ListItem","position":2,"name":"Our Services"}]},{"@type":"WebSite","@id":"https:\/\/gunesturizm.net\/#website","url":"https:\/\/gunesturizm.net\/","name":"Gunes Turizm","description":"","potentialAction":[{"@type":"SearchAction","target":{"@type":"EntryPoint","urlTemplate":"https:\/\/gunesturizm.net\/?s={search_term_string}"},"query-input":{"@type":"PropertyValueSpecification","valueRequired":true,"valueName":"search_term_string"}}],"inLanguage":"en-US"}]}},"_links":{"self":[{"href":"https:\/\/gunesturizm.net\/en\/wp-json\/wp\/v2\/pages\/1230","targetHints":{"allow":["GET"]}}],"collection":[{"href":"https:\/\/gunesturizm.net\/en\/wp-json\/wp\/v2\/pages"}],"about":[{"href":"https:\/\/gunesturizm.net\/en\/wp-json\/wp\/v2\/types\/page"}],"author":[{"embeddable":true,"href":"https:\/\/gunesturizm.net\/en\/wp-json\/wp\/v2\/users\/1"}],"replies":[{"embeddable":true,"href":"https:\/\/gunesturizm.net\/en\/wp-json\/wp\/v2\/comments?post=1230"}],"version-history":[{"count":9,"href":"https:\/\/gunesturizm.net\/en\/wp-json\/wp\/v2\/pages\/1230\/revisions"}],"predecessor-version":[{"id":1594,"href":"https:\/\/gunesturizm.net\/en\/wp-json\/wp\/v2\/pages\/1230\/revisions\/1594"}],"wp:featuredmedia":[{"embeddable":true,"href":"https:\/\/gunesturizm.net\/en\/wp-json\/wp\/v2\/media\/2564"}],"wp:attachment":[{"href":"https:\/\/gunesturizm.net\/en\/wp-json\/wp\/v2\/media?parent=1230"}],"curies":[{"name":"wp","href":"https:\/\/api.w.org\/{rel}","templated":true}]}}