{"id":1175,"date":"2024-04-03T12:58:36","date_gmt":"2024-04-03T09:58:36","guid":{"rendered":"https:\/\/gunesturizm.net\/biz-kimiz\/"},"modified":"2024-04-17T13:54:29","modified_gmt":"2024-04-17T10:54:29","slug":"about-us","status":"publish","type":"page","link":"https:\/\/gunesturizm.net\/en\/about-us\/","title":{"rendered":"About Us"},"content":{"rendered":"\t\t<div data-elementor-type=\"wp-page\" data-elementor-id=\"1175\" class=\"elementor elementor-1175\" data-elementor-settings=\"{&quot;element_pack_global_tooltip_width&quot;:{&quot;unit&quot;:&quot;px&quot;,&quot;size&quot;:&quot;&quot;,&quot;sizes&quot;:[]},&quot;element_pack_global_tooltip_width_tablet&quot;:{&quot;unit&quot;:&quot;px&quot;,&quot;size&quot;:&quot;&quot;,&quot;sizes&quot;:[]},&quot;element_pack_global_tooltip_width_mobile&quot;:{&quot;unit&quot;:&quot;px&quot;,&quot;size&quot;:&quot;&quot;,&quot;sizes&quot;:[]},&quot;element_pack_global_tooltip_padding&quot;:{&quot;unit&quot;:&quot;px&quot;,&quot;top&quot;:&quot;&quot;,&quot;right&quot;:&quot;&quot;,&quot;bottom&quot;:&quot;&quot;,&quot;left&quot;:&quot;&quot;,&quot;isLinked&quot;:true},&quot;element_pack_global_tooltip_padding_tablet&quot;:{&quot;unit&quot;:&quot;px&quot;,&quot;top&quot;:&quot;&quot;,&quot;right&quot;:&quot;&quot;,&quot;bottom&quot;:&quot;&quot;,&quot;left&quot;:&quot;&quot;,&quot;isLinked&quot;:true},&quot;element_pack_global_tooltip_padding_mobile&quot;:{&quot;unit&quot;:&quot;px&quot;,&quot;top&quot;:&quot;&quot;,&quot;right&quot;:&quot;&quot;,&quot;bottom&quot;:&quot;&quot;,&quot;left&quot;:&quot;&quot;,&quot;isLinked&quot;:true},&quot;element_pack_global_tooltip_border_radius&quot;:{&quot;unit&quot;:&quot;px&quot;,&quot;top&quot;:&quot;&quot;,&quot;right&quot;:&quot;&quot;,&quot;bottom&quot;:&quot;&quot;,&quot;left&quot;:&quot;&quot;,&quot;isLinked&quot;:true},&quot;element_pack_global_tooltip_border_radius_tablet&quot;:{&quot;unit&quot;:&quot;px&quot;,&quot;top&quot;:&quot;&quot;,&quot;right&quot;:&quot;&quot;,&quot;bottom&quot;:&quot;&quot;,&quot;left&quot;:&quot;&quot;,&quot;isLinked&quot;:true},&quot;element_pack_global_tooltip_border_radius_mobile&quot;:{&quot;unit&quot;:&quot;px&quot;,&quot;top&quot;:&quot;&quot;,&quot;right&quot;:&quot;&quot;,&quot;bottom&quot;:&quot;&quot;,&quot;left&quot;:&quot;&quot;,&quot;isLinked&quot;:true}}\" data-elementor-post-type=\"page\">\n\t\t\t\t<div class=\"elementor-element elementor-element-b8b8fce e-flex e-con-boxed e-con e-parent\" data-id=\"b8b8fce\" data-element_type=\"container\">\n\t\t\t\t\t<div class=\"e-con-inner\">\n\t\t\t\t<div class=\"elementor-element elementor-element-2c4f3df elementor-widget elementor-widget-spacer\" data-id=\"2c4f3df\" data-element_type=\"widget\" data-widget_type=\"spacer.default\">\n\t\t\t\t<div class=\"elementor-widget-container\">\n\t\t\t\t\t\t\t<div class=\"elementor-spacer\">\n\t\t\t<div class=\"elementor-spacer-inner\"><\/div>\n\t\t<\/div>\n\t\t\t\t\t\t<\/div>\n\t\t\t\t<\/div>\n\t\t\t\t<div class=\"elementor-element elementor-element-7c557f6 elementor-widget elementor-widget-bdt-animated-heading\" data-id=\"7c557f6\" data-element_type=\"widget\" data-widget_type=\"bdt-animated-heading.default\">\n\t\t\t\t<div class=\"elementor-widget-container\">\n\t\t\t\t\t<div id=\"bdtah-7c557f6\" class=\"bdt-heading bdt-heading-layout-split_text\"><h2 class=\"bdt-heading-tag\" style=\"opacity: 0\"><span class=\"bdt-pre-heading\">About Us<\/span> <span id=\"bdt-ah-7c557f6\" class=\"bdt-animated-heading\" data-settings=\"{&quot;layout&quot;:&quot;split_text&quot;,&quot;animation_on&quot;:&quot;words&quot;,&quot;anim_perspective&quot;:400,&quot;anim_duration&quot;:0.1000000000000000055511151231257827021181583404541015625,&quot;anim_scale&quot;:0,&quot;anim_rotation_y&quot;:80,&quot;anim_rotation_x&quot;:180,&quot;anim_transform_origin&quot;:&quot;0% 50% -50&quot;,&quot;anim_repeat&quot;:false}\"><\/span> <\/h2><\/div>\t\t\t\t<\/div>\n\t\t\t\t<\/div>\n\t\t\t\t<div class=\"elementor-element elementor-element-e10a9bd elementor-widget elementor-widget-text-editor\" data-id=\"e10a9bd\" data-element_type=\"widget\" data-widget_type=\"text-editor.default\">\n\t\t\t\t<div class=\"elementor-widget-container\">\n\t\t\t\t\t\t\t\t\t<p>G\u00fcne\u015f Turizm is a family company established in Adana, Turkey on May 8, 1980 as an A-certified Travel Agency. Founder M. Co\u015far<br \/>\u00c7opuro\u011flu who was an Architect originally, yet his tourism experience exceeded 45 years. Both of his daughters, who grew up within G\u00fcne\u015f Turizm, are actively running the company; Ceren Se\u011fmen is a graduate of Ko\u00e7 University-Business Administration and Gizem Arslan is a graduate of Bo\u011fazi\u00e7i University-Tourism Management.<br \/><br \/>Thanks to our know-how coming from trips to approximately 150 countries over the years, we offer diverse experiences to people who have a passion for travel like us. We have been providing boutique style service in the same office since 1980. The trust we have created with our years of experience and impeccable level of service has helped us to be perceived as a very respected Travel Agency in Turkey. <br \/><br \/>We know the world well; we work meticulously in our work with very close attention to details. Our goal has never been opening new branches and serving tens of thousands of people. As partners, we want to be in charge and take care of everything personally. We think that the most important thing in our business is experience, meticulous work and one-on-one attention. Customer satisfaction is at the heart of what we do, and we always prioritize customer satisfaction over commercial concerns. We don&#8217;t like to advertise too much, as our marketing strategy relies on word of mouth. With our amateur spirit and professional mindset, we are ready to assist you in all your travel organizations. You may contact us for tailor-made tour packages and all other travel services.<br \/><br \/>A good plan lies at the heart of an enjoyable tour\u2026<\/p>\t\t\t\t\t\t\t\t<\/div>\n\t\t\t\t<\/div>\n\t\t\t\t<div class=\"elementor-element elementor-element-f507ea4 elementor-widget elementor-widget-spacer\" data-id=\"f507ea4\" data-element_type=\"widget\" data-widget_type=\"spacer.default\">\n\t\t\t\t<div class=\"elementor-widget-container\">\n\t\t\t\t\t\t\t<div class=\"elementor-spacer\">\n\t\t\t<div class=\"elementor-spacer-inner\"><\/div>\n\t\t<\/div>\n\t\t\t\t\t\t<\/div>\n\t\t\t\t<\/div>\n\t\t\t\t\t<\/div>\n\t\t\t\t<\/div>\n\t\t\t\t<\/div>\n\t\t","protected":false},"excerpt":{"rendered":"<p>About Us G\u00fcne\u015f Turizm is a family company established in Adana, Turkey on May 8, 1980 as an A-certified Travel Agency. Founder [&hellip;]<\/p>\n","protected":false},"author":1,"featured_media":2564,"parent":0,"menu_order":0,"comment_status":"closed","ping_status":"closed","template":"","meta":{"footnotes":""},"class_list":["post-1175","page","type-page","status-publish","has-post-thumbnail","hentry"],"yoast_head":"<!-- This site is optimized with the Yoast SEO plugin v25.5 - https:\/\/yoast.com\/wordpress\/plugins\/seo\/ -->\n<title>G\u00fcne\u015f Turizm - Discover the World with Us<\/title>\n<meta name=\"description\" content=\"Established in Adana in 1980, G\u00fcne\u015f Turizm is a travel agency infused with family values. Explore the world with G\u00fcne\u015f Turizm.\" \/>\n<meta name=\"robots\" content=\"index, follow, max-snippet:-1, max-image-preview:large, max-video-preview:-1\" \/>\n<link rel=\"canonical\" href=\"https:\/\/gunesturizm.net\/en\/about-us\/\" \/>\n<meta property=\"og:locale\" content=\"en_US\" \/>\n<meta property=\"og:type\" content=\"article\" \/>\n<meta property=\"og:title\" content=\"G\u00fcne\u015f Turizm - Discover the World with Us\" \/>\n<meta property=\"og:description\" content=\"Established in Adana in 1980, G\u00fcne\u015f Turizm is a travel agency infused with family values. Explore the world with G\u00fcne\u015f Turizm.\" \/>\n<meta property=\"og:url\" content=\"https:\/\/gunesturizm.net\/en\/about-us\/\" \/>\n<meta property=\"og:site_name\" content=\"Gunes Turizm\" \/>\n<meta property=\"article:modified_time\" content=\"2024-04-17T10:54:29+00:00\" \/>\n<meta name=\"twitter:card\" content=\"summary_large_image\" \/>\n<meta name=\"twitter:label1\" content=\"Est. reading time\" \/>\n\t<meta name=\"twitter:data1\" content=\"2 minutes\" \/>\n<script type=\"application\/ld+json\" class=\"yoast-schema-graph\">{\"@context\":\"https:\/\/schema.org\",\"@graph\":[{\"@type\":\"WebPage\",\"@id\":\"https:\/\/gunesturizm.net\/en\/about-us\/\",\"url\":\"https:\/\/gunesturizm.net\/en\/about-us\/\",\"name\":\"G\u00fcne\u015f Turizm - Discover the World with Us\",\"isPartOf\":{\"@id\":\"https:\/\/gunesturizm.net\/#website\"},\"primaryImageOfPage\":{\"@id\":\"https:\/\/gunesturizm.net\/en\/about-us\/#primaryimage\"},\"image\":{\"@id\":\"https:\/\/gunesturizm.net\/en\/about-us\/#primaryimage\"},\"thumbnailUrl\":\"https:\/\/gunesturizm.net\/wp-content\/uploads\/2025\/01\/gunes-turizm.jpg\",\"datePublished\":\"2024-04-03T09:58:36+00:00\",\"dateModified\":\"2024-04-17T10:54:29+00:00\",\"description\":\"Established in Adana in 1980, G\u00fcne\u015f Turizm is a travel agency infused with family values. Explore the world with G\u00fcne\u015f Turizm.\",\"breadcrumb\":{\"@id\":\"https:\/\/gunesturizm.net\/en\/about-us\/#breadcrumb\"},\"inLanguage\":\"en-US\",\"potentialAction\":[{\"@type\":\"ReadAction\",\"target\":[\"https:\/\/gunesturizm.net\/en\/about-us\/\"]}]},{\"@type\":\"ImageObject\",\"inLanguage\":\"en-US\",\"@id\":\"https:\/\/gunesturizm.net\/en\/about-us\/#primaryimage\",\"url\":\"https:\/\/gunesturizm.net\/wp-content\/uploads\/2025\/01\/gunes-turizm.jpg\",\"contentUrl\":\"https:\/\/gunesturizm.net\/wp-content\/uploads\/2025\/01\/gunes-turizm.jpg\",\"width\":700,\"height\":700},{\"@type\":\"BreadcrumbList\",\"@id\":\"https:\/\/gunesturizm.net\/en\/about-us\/#breadcrumb\",\"itemListElement\":[{\"@type\":\"ListItem\",\"position\":1,\"name\":\"Anasayfa\",\"item\":\"https:\/\/gunesturizm.net\/en\/\"},{\"@type\":\"ListItem\",\"position\":2,\"name\":\"About Us\"}]},{\"@type\":\"WebSite\",\"@id\":\"https:\/\/gunesturizm.net\/#website\",\"url\":\"https:\/\/gunesturizm.net\/\",\"name\":\"Gunes Turizm\",\"description\":\"\",\"potentialAction\":[{\"@type\":\"SearchAction\",\"target\":{\"@type\":\"EntryPoint\",\"urlTemplate\":\"https:\/\/gunesturizm.net\/?s={search_term_string}\"},\"query-input\":{\"@type\":\"PropertyValueSpecification\",\"valueRequired\":true,\"valueName\":\"search_term_string\"}}],\"inLanguage\":\"en-US\"}]}<\/script>\n<!-- \/ Yoast SEO plugin. -->","yoast_head_json":{"title":"G\u00fcne\u015f Turizm - Discover the World with Us","description":"Established in Adana in 1980, G\u00fcne\u015f Turizm is a travel agency infused with family values. Explore the world with G\u00fcne\u015f Turizm.","robots":{"index":"index","follow":"follow","max-snippet":"max-snippet:-1","max-image-preview":"max-image-preview:large","max-video-preview":"max-video-preview:-1"},"canonical":"https:\/\/gunesturizm.net\/en\/about-us\/","og_locale":"en_US","og_type":"article","og_title":"G\u00fcne\u015f Turizm - Discover the World with Us","og_description":"Established in Adana in 1980, G\u00fcne\u015f Turizm is a travel agency infused with family values. Explore the world with G\u00fcne\u015f Turizm.","og_url":"https:\/\/gunesturizm.net\/en\/about-us\/","og_site_name":"Gunes Turizm","article_modified_time":"2024-04-17T10:54:29+00:00","twitter_card":"summary_large_image","twitter_misc":{"Est. reading time":"2 minutes"},"schema":{"@context":"https:\/\/schema.org","@graph":[{"@type":"WebPage","@id":"https:\/\/gunesturizm.net\/en\/about-us\/","url":"https:\/\/gunesturizm.net\/en\/about-us\/","name":"G\u00fcne\u015f Turizm - Discover the World with Us","isPartOf":{"@id":"https:\/\/gunesturizm.net\/#website"},"primaryImageOfPage":{"@id":"https:\/\/gunesturizm.net\/en\/about-us\/#primaryimage"},"image":{"@id":"https:\/\/gunesturizm.net\/en\/about-us\/#primaryimage"},"thumbnailUrl":"https:\/\/gunesturizm.net\/wp-content\/uploads\/2025\/01\/gunes-turizm.jpg","datePublished":"2024-04-03T09:58:36+00:00","dateModified":"2024-04-17T10:54:29+00:00","description":"Established in Adana in 1980, G\u00fcne\u015f Turizm is a travel agency infused with family values. Explore the world with G\u00fcne\u015f Turizm.","breadcrumb":{"@id":"https:\/\/gunesturizm.net\/en\/about-us\/#breadcrumb"},"inLanguage":"en-US","potentialAction":[{"@type":"ReadAction","target":["https:\/\/gunesturizm.net\/en\/about-us\/"]}]},{"@type":"ImageObject","inLanguage":"en-US","@id":"https:\/\/gunesturizm.net\/en\/about-us\/#primaryimage","url":"https:\/\/gunesturizm.net\/wp-content\/uploads\/2025\/01\/gunes-turizm.jpg","contentUrl":"https:\/\/gunesturizm.net\/wp-content\/uploads\/2025\/01\/gunes-turizm.jpg","width":700,"height":700},{"@type":"BreadcrumbList","@id":"https:\/\/gunesturizm.net\/en\/about-us\/#breadcrumb","itemListElement":[{"@type":"ListItem","position":1,"name":"Anasayfa","item":"https:\/\/gunesturizm.net\/en\/"},{"@type":"ListItem","position":2,"name":"About Us"}]},{"@type":"WebSite","@id":"https:\/\/gunesturizm.net\/#website","url":"https:\/\/gunesturizm.net\/","name":"Gunes Turizm","description":"","potentialAction":[{"@type":"SearchAction","target":{"@type":"EntryPoint","urlTemplate":"https:\/\/gunesturizm.net\/?s={search_term_string}"},"query-input":{"@type":"PropertyValueSpecification","valueRequired":true,"valueName":"search_term_string"}}],"inLanguage":"en-US"}]}},"_links":{"self":[{"href":"https:\/\/gunesturizm.net\/en\/wp-json\/wp\/v2\/pages\/1175","targetHints":{"allow":["GET"]}}],"collection":[{"href":"https:\/\/gunesturizm.net\/en\/wp-json\/wp\/v2\/pages"}],"about":[{"href":"https:\/\/gunesturizm.net\/en\/wp-json\/wp\/v2\/types\/page"}],"author":[{"embeddable":true,"href":"https:\/\/gunesturizm.net\/en\/wp-json\/wp\/v2\/users\/1"}],"replies":[{"embeddable":true,"href":"https:\/\/gunesturizm.net\/en\/wp-json\/wp\/v2\/comments?post=1175"}],"version-history":[{"count":6,"href":"https:\/\/gunesturizm.net\/en\/wp-json\/wp\/v2\/pages\/1175\/revisions"}],"predecessor-version":[{"id":1592,"href":"https:\/\/gunesturizm.net\/en\/wp-json\/wp\/v2\/pages\/1175\/revisions\/1592"}],"wp:featuredmedia":[{"embeddable":true,"href":"https:\/\/gunesturizm.net\/en\/wp-json\/wp\/v2\/media\/2564"}],"wp:attachment":[{"href":"https:\/\/gunesturizm.net\/en\/wp-json\/wp\/v2\/media?parent=1175"}],"curies":[{"name":"wp","href":"https:\/\/api.w.org\/{rel}","templated":true}]}}