{"id":1170,"date":"2024-04-05T11:58:41","date_gmt":"2024-04-05T08:58:41","guid":{"rendered":"https:\/\/gunesturizm.net\/?page_id=1170"},"modified":"2024-04-17T13:59:51","modified_gmt":"2024-04-17T10:59:51","slug":"tourist-commandments","status":"publish","type":"page","link":"https:\/\/gunesturizm.net\/en\/tourist-commandments\/","title":{"rendered":"Tourist Commandments"},"content":{"rendered":"\t\t<div data-elementor-type=\"wp-page\" data-elementor-id=\"1170\" class=\"elementor elementor-1170\" data-elementor-settings=\"{&quot;element_pack_global_tooltip_width&quot;:{&quot;unit&quot;:&quot;px&quot;,&quot;size&quot;:&quot;&quot;,&quot;sizes&quot;:[]},&quot;element_pack_global_tooltip_width_tablet&quot;:{&quot;unit&quot;:&quot;px&quot;,&quot;size&quot;:&quot;&quot;,&quot;sizes&quot;:[]},&quot;element_pack_global_tooltip_width_mobile&quot;:{&quot;unit&quot;:&quot;px&quot;,&quot;size&quot;:&quot;&quot;,&quot;sizes&quot;:[]},&quot;element_pack_global_tooltip_padding&quot;:{&quot;unit&quot;:&quot;px&quot;,&quot;top&quot;:&quot;&quot;,&quot;right&quot;:&quot;&quot;,&quot;bottom&quot;:&quot;&quot;,&quot;left&quot;:&quot;&quot;,&quot;isLinked&quot;:true},&quot;element_pack_global_tooltip_padding_tablet&quot;:{&quot;unit&quot;:&quot;px&quot;,&quot;top&quot;:&quot;&quot;,&quot;right&quot;:&quot;&quot;,&quot;bottom&quot;:&quot;&quot;,&quot;left&quot;:&quot;&quot;,&quot;isLinked&quot;:true},&quot;element_pack_global_tooltip_padding_mobile&quot;:{&quot;unit&quot;:&quot;px&quot;,&quot;top&quot;:&quot;&quot;,&quot;right&quot;:&quot;&quot;,&quot;bottom&quot;:&quot;&quot;,&quot;left&quot;:&quot;&quot;,&quot;isLinked&quot;:true},&quot;element_pack_global_tooltip_border_radius&quot;:{&quot;unit&quot;:&quot;px&quot;,&quot;top&quot;:&quot;&quot;,&quot;right&quot;:&quot;&quot;,&quot;bottom&quot;:&quot;&quot;,&quot;left&quot;:&quot;&quot;,&quot;isLinked&quot;:true},&quot;element_pack_global_tooltip_border_radius_tablet&quot;:{&quot;unit&quot;:&quot;px&quot;,&quot;top&quot;:&quot;&quot;,&quot;right&quot;:&quot;&quot;,&quot;bottom&quot;:&quot;&quot;,&quot;left&quot;:&quot;&quot;,&quot;isLinked&quot;:true},&quot;element_pack_global_tooltip_border_radius_mobile&quot;:{&quot;unit&quot;:&quot;px&quot;,&quot;top&quot;:&quot;&quot;,&quot;right&quot;:&quot;&quot;,&quot;bottom&quot;:&quot;&quot;,&quot;left&quot;:&quot;&quot;,&quot;isLinked&quot;:true}}\" data-elementor-post-type=\"page\">\n\t\t\t\t\t\t<section class=\"elementor-section elementor-top-section elementor-element elementor-element-cd23783 elementor-section-boxed elementor-section-height-default elementor-section-height-default\" data-id=\"cd23783\" data-element_type=\"section\">\n\t\t\t\t\t\t\t<div class=\"elementor-background-overlay\"><\/div>\n\t\t\t\t\t\t\t<div class=\"elementor-container elementor-column-gap-default\">\n\t\t\t\t\t<div class=\"elementor-column elementor-col-50 elementor-top-column elementor-element elementor-element-02f8a0c\" data-id=\"02f8a0c\" data-element_type=\"column\" data-settings=\"{&quot;background_background&quot;:&quot;classic&quot;,&quot;background_motion_fx_motion_fx_scrolling&quot;:&quot;yes&quot;,&quot;background_motion_fx_devices&quot;:[&quot;desktop&quot;,&quot;tablet&quot;,&quot;mobile&quot;]}\">\n\t\t\t<div class=\"elementor-widget-wrap elementor-element-populated\">\n\t\t\t\t\t<div class=\"elementor-background-overlay\"><\/div>\n\t\t\t\t\t\t<div class=\"elementor-element elementor-element-4404411 elementor-widget elementor-widget-spacer\" data-id=\"4404411\" data-element_type=\"widget\" data-widget_type=\"spacer.default\">\n\t\t\t\t<div class=\"elementor-widget-container\">\n\t\t\t\t\t\t\t<div class=\"elementor-spacer\">\n\t\t\t<div class=\"elementor-spacer-inner\"><\/div>\n\t\t<\/div>\n\t\t\t\t\t\t<\/div>\n\t\t\t\t<\/div>\n\t\t\t\t<div class=\"elementor-element elementor-element-8ed31d9 elementor-widget elementor-widget-heading\" data-id=\"8ed31d9\" data-element_type=\"widget\" data-widget_type=\"heading.default\">\n\t\t\t\t<div class=\"elementor-widget-container\">\n\t\t\t\t\t<h2 class=\"elementor-heading-title elementor-size-default\">TOURIST COMMANDMENTS <\/h2>\t\t\t\t<\/div>\n\t\t\t\t<\/div>\n\t\t\t\t<div class=\"elementor-element elementor-element-9f5708a elementor-drop-cap-yes elementor-widget__width-initial elementor-drop-cap-view-default elementor-widget elementor-widget-text-editor\" data-id=\"9f5708a\" data-element_type=\"widget\" data-settings=\"{&quot;drop_cap&quot;:&quot;yes&quot;}\" data-widget_type=\"text-editor.default\">\n\t\t\t\t<div class=\"elementor-widget-container\">\n\t\t\t\t\t\t\t\t\t<p align=\"left\"><span lang=\"TR\">1. <\/span><span lang=\"TR\">THOU SHALL NOT EXPECT TO FIND THINGS AS THOU HAST THEM AT HOME, FOR THOU HAST LEFT HOME TO FIND THINGS DIFFERENT.<\/span><\/p><p align=\"left\"><span lang=\"TR\">2. <\/span><span lang=\"TR\">THOU SHALT NOT TAKE ANYTHING TOO SERIOUSLY, FOR A CAREFREE MIND IS THE BEGINNING OF A FINE HOLIDAY.<\/span><\/p><p align=\"left\"><span lang=\"TR\">3. <\/span><span lang=\"TR\">THOU SHALT NOT LEFT OTHER TOURISTS GET ON THY NERVES, FOR THOU ART PAYING GOOD MONEY TO ENJOY THYSELF.<\/span><\/p><p align=\"left\"><span lang=\"TR\">4. <\/span><span lang=\"TR\">REMEMBER THAT IF WE HAD BEEN EXPECTED TO STAY IN ONE PLACE,\u00a0 WE WOULD HAVE BEEN CREATED WITH ROOTS.<\/span><\/p><p align=\"left\"><span lang=\"TR\">5. <\/span><span lang=\"TR\">REMEMBER TO TAKE ONLY HALF CLOTHES THOU THINKS THOU NEEDS AND TWICE THE MONEY.<\/span><\/p><p align=\"left\"><span lang=\"TR\">6. <\/span><span lang=\"TR\">KNOW AT ALL TIMES WHERE THY PASSPORT IS,<\/span><\/p><p align=\"left\"><span lang=\"TR\">FOR A PERSON WITHOUT A PASSPORT IS A PERSON WITHOUT A COUNTRY.<\/span><\/p><p align=\"left\"><span lang=\"TR\">7. <\/span><span lang=\"TR\">THOU SHALT NOT WORRY, FOR HE THAT WORRIETH HATH NO PLEASURE FEW THINGS ARE EVER FATAL.<\/span><\/p><p align=\"left\"><span lang=\"TR\">8. <\/span><span lang=\"TR\">WHEN IN ROME, THOU SHALT BE PREPARED TO DO SOMEWHAT AS THE ROMANS DO.<\/span><\/p><p align=\"left\"><span lang=\"TR\">9. <\/span><span lang=\"TR\">THOU SHALT NOT JUDGE THE PEOPLE OF A COUNTRY BY THE ONE PERSON WHO HAST GIVEN THEE TROUBLE.<\/span><\/p><p align=\"left\"><span lang=\"TR\">10. <\/span><span lang=\"TR\">REMEMBER THOU ART A GUEST IN OTHER LANDS, AND HE THAT TREATETH THIS HOST WITH RESPECT SHALL BE HONOURED.<\/span><\/p>\t\t\t\t\t\t\t\t<\/div>\n\t\t\t\t<\/div>\n\t\t\t\t<div class=\"elementor-element elementor-element-83f3252 elementor-widget elementor-widget-spacer\" data-id=\"83f3252\" data-element_type=\"widget\" data-widget_type=\"spacer.default\">\n\t\t\t\t<div class=\"elementor-widget-container\">\n\t\t\t\t\t\t\t<div class=\"elementor-spacer\">\n\t\t\t<div class=\"elementor-spacer-inner\"><\/div>\n\t\t<\/div>\n\t\t\t\t\t\t<\/div>\n\t\t\t\t<\/div>\n\t\t\t\t\t<\/div>\n\t\t<\/div>\n\t\t\t\t<div class=\"elementor-column elementor-col-50 elementor-top-column elementor-element elementor-element-df5eb18\" data-id=\"df5eb18\" data-element_type=\"column\">\n\t\t\t<div class=\"elementor-widget-wrap\">\n\t\t\t\t\t\t\t<\/div>\n\t\t<\/div>\n\t\t\t\t\t<\/div>\n\t\t<\/section>\n\t\t\t\t<\/div>\n\t\t","protected":false},"excerpt":{"rendered":"<p>TOURIST COMMANDMENTS 1. THOU SHALL NOT EXPECT TO FIND THINGS AS THOU HAST THEM AT HOME, FOR THOU HAST LEFT HOME TO [&hellip;]<\/p>\n","protected":false},"author":1,"featured_media":0,"parent":0,"menu_order":0,"comment_status":"closed","ping_status":"closed","template":"","meta":{"footnotes":""},"class_list":["post-1170","page","type-page","status-publish","hentry"],"yoast_head":"<!-- This site is optimized with the Yoast SEO plugin v25.5 - https:\/\/yoast.com\/wordpress\/plugins\/seo\/ -->\n<title>G\u00fcne\u015f Turizm - Tourist Commandments<\/title>\n<meta name=\"description\" content=\"Explore the world with G\u00fcne\u015f Turizm. We offer professional guides, transfers, and more. Let us turn your travel dreams into reality.\" \/>\n<meta name=\"robots\" content=\"index, follow, max-snippet:-1, max-image-preview:large, max-video-preview:-1\" \/>\n<link rel=\"canonical\" href=\"https:\/\/gunesturizm.net\/en\/tourist-commandments\/\" \/>\n<meta property=\"og:locale\" content=\"en_US\" \/>\n<meta property=\"og:type\" content=\"article\" \/>\n<meta property=\"og:title\" content=\"G\u00fcne\u015f Turizm - Tourist Commandments\" \/>\n<meta property=\"og:description\" content=\"Explore the world with G\u00fcne\u015f Turizm. We offer professional guides, transfers, and more. Let us turn your travel dreams into reality.\" \/>\n<meta property=\"og:url\" content=\"https:\/\/gunesturizm.net\/en\/tourist-commandments\/\" \/>\n<meta property=\"og:site_name\" content=\"Gunes Turizm\" \/>\n<meta property=\"article:modified_time\" content=\"2024-04-17T10:59:51+00:00\" \/>\n<meta name=\"twitter:card\" content=\"summary_large_image\" \/>\n<meta name=\"twitter:label1\" content=\"Est. reading time\" \/>\n\t<meta name=\"twitter:data1\" content=\"2 minutes\" \/>\n<script type=\"application\/ld+json\" class=\"yoast-schema-graph\">{\"@context\":\"https:\/\/schema.org\",\"@graph\":[{\"@type\":\"WebPage\",\"@id\":\"https:\/\/gunesturizm.net\/en\/tourist-commandments\/\",\"url\":\"https:\/\/gunesturizm.net\/en\/tourist-commandments\/\",\"name\":\"G\u00fcne\u015f Turizm - Tourist Commandments\",\"isPartOf\":{\"@id\":\"https:\/\/gunesturizm.net\/#website\"},\"datePublished\":\"2024-04-05T08:58:41+00:00\",\"dateModified\":\"2024-04-17T10:59:51+00:00\",\"description\":\"Explore the world with G\u00fcne\u015f Turizm. We offer professional guides, transfers, and more. Let us turn your travel dreams into reality.\",\"breadcrumb\":{\"@id\":\"https:\/\/gunesturizm.net\/en\/tourist-commandments\/#breadcrumb\"},\"inLanguage\":\"en-US\",\"potentialAction\":[{\"@type\":\"ReadAction\",\"target\":[\"https:\/\/gunesturizm.net\/en\/tourist-commandments\/\"]}]},{\"@type\":\"BreadcrumbList\",\"@id\":\"https:\/\/gunesturizm.net\/en\/tourist-commandments\/#breadcrumb\",\"itemListElement\":[{\"@type\":\"ListItem\",\"position\":1,\"name\":\"Anasayfa\",\"item\":\"https:\/\/gunesturizm.net\/en\/\"},{\"@type\":\"ListItem\",\"position\":2,\"name\":\"Tourist Commandments\"}]},{\"@type\":\"WebSite\",\"@id\":\"https:\/\/gunesturizm.net\/#website\",\"url\":\"https:\/\/gunesturizm.net\/\",\"name\":\"Gunes Turizm\",\"description\":\"\",\"potentialAction\":[{\"@type\":\"SearchAction\",\"target\":{\"@type\":\"EntryPoint\",\"urlTemplate\":\"https:\/\/gunesturizm.net\/?s={search_term_string}\"},\"query-input\":{\"@type\":\"PropertyValueSpecification\",\"valueRequired\":true,\"valueName\":\"search_term_string\"}}],\"inLanguage\":\"en-US\"}]}<\/script>\n<!-- \/ Yoast SEO plugin. -->","yoast_head_json":{"title":"G\u00fcne\u015f Turizm - Tourist Commandments","description":"Explore the world with G\u00fcne\u015f Turizm. We offer professional guides, transfers, and more. Let us turn your travel dreams into reality.","robots":{"index":"index","follow":"follow","max-snippet":"max-snippet:-1","max-image-preview":"max-image-preview:large","max-video-preview":"max-video-preview:-1"},"canonical":"https:\/\/gunesturizm.net\/en\/tourist-commandments\/","og_locale":"en_US","og_type":"article","og_title":"G\u00fcne\u015f Turizm - Tourist Commandments","og_description":"Explore the world with G\u00fcne\u015f Turizm. We offer professional guides, transfers, and more. Let us turn your travel dreams into reality.","og_url":"https:\/\/gunesturizm.net\/en\/tourist-commandments\/","og_site_name":"Gunes Turizm","article_modified_time":"2024-04-17T10:59:51+00:00","twitter_card":"summary_large_image","twitter_misc":{"Est. reading time":"2 minutes"},"schema":{"@context":"https:\/\/schema.org","@graph":[{"@type":"WebPage","@id":"https:\/\/gunesturizm.net\/en\/tourist-commandments\/","url":"https:\/\/gunesturizm.net\/en\/tourist-commandments\/","name":"G\u00fcne\u015f Turizm - Tourist Commandments","isPartOf":{"@id":"https:\/\/gunesturizm.net\/#website"},"datePublished":"2024-04-05T08:58:41+00:00","dateModified":"2024-04-17T10:59:51+00:00","description":"Explore the world with G\u00fcne\u015f Turizm. We offer professional guides, transfers, and more. Let us turn your travel dreams into reality.","breadcrumb":{"@id":"https:\/\/gunesturizm.net\/en\/tourist-commandments\/#breadcrumb"},"inLanguage":"en-US","potentialAction":[{"@type":"ReadAction","target":["https:\/\/gunesturizm.net\/en\/tourist-commandments\/"]}]},{"@type":"BreadcrumbList","@id":"https:\/\/gunesturizm.net\/en\/tourist-commandments\/#breadcrumb","itemListElement":[{"@type":"ListItem","position":1,"name":"Anasayfa","item":"https:\/\/gunesturizm.net\/en\/"},{"@type":"ListItem","position":2,"name":"Tourist Commandments"}]},{"@type":"WebSite","@id":"https:\/\/gunesturizm.net\/#website","url":"https:\/\/gunesturizm.net\/","name":"Gunes Turizm","description":"","potentialAction":[{"@type":"SearchAction","target":{"@type":"EntryPoint","urlTemplate":"https:\/\/gunesturizm.net\/?s={search_term_string}"},"query-input":{"@type":"PropertyValueSpecification","valueRequired":true,"valueName":"search_term_string"}}],"inLanguage":"en-US"}]}},"_links":{"self":[{"href":"https:\/\/gunesturizm.net\/en\/wp-json\/wp\/v2\/pages\/1170","targetHints":{"allow":["GET"]}}],"collection":[{"href":"https:\/\/gunesturizm.net\/en\/wp-json\/wp\/v2\/pages"}],"about":[{"href":"https:\/\/gunesturizm.net\/en\/wp-json\/wp\/v2\/types\/page"}],"author":[{"embeddable":true,"href":"https:\/\/gunesturizm.net\/en\/wp-json\/wp\/v2\/users\/1"}],"replies":[{"embeddable":true,"href":"https:\/\/gunesturizm.net\/en\/wp-json\/wp\/v2\/comments?post=1170"}],"version-history":[{"count":5,"href":"https:\/\/gunesturizm.net\/en\/wp-json\/wp\/v2\/pages\/1170\/revisions"}],"predecessor-version":[{"id":1595,"href":"https:\/\/gunesturizm.net\/en\/wp-json\/wp\/v2\/pages\/1170\/revisions\/1595"}],"wp:attachment":[{"href":"https:\/\/gunesturizm.net\/en\/wp-json\/wp\/v2\/media?parent=1170"}],"curies":[{"name":"wp","href":"https:\/\/api.w.org\/{rel}","templated":true}]}}